{"id":5781,"date":"2023-01-29T21:13:24","date_gmt":"2023-01-29T21:13:25","guid":{"rendered":"https:\/\/lascasasmodulares.es\/?post_type=product&#038;p=5781"},"modified":"2023-02-20T20:48:36","modified_gmt":"2023-02-20T20:48:36","slug":"carina","status":"publish","type":"product","link":"https:\/\/lascasasmodulares.es\/es\/project\/carina\/","title":{"rendered":"Carina"},"content":{"rendered":"","protected":false},"excerpt":{"rendered":"<p>Una casa prefabricada es una soluci\u00f3n moderna para construir usted mismo una casa energ\u00e9ticamente eficiente de forma r\u00e1pida y con alta calidad. Es uno de los tipos m\u00e1s comunes de edificios \/ casas residenciales y ha demostrado su eficacia a lo largo de los a\u00f1os con su durabilidad y sostenibilidad. La estructura de madera proporciona un excelente aislamiento t\u00e9rmico y la densidad protege la casa de la humedad, el moho y el riesgo de condensaci\u00f3n. Las casas con armaz\u00f3n de madera se pueden dise\u00f1ar de acuerdo con los deseos y necesidades del cliente, teniendo en cuenta tambi\u00e9n la normativa, tradiciones y requisitos de planificaci\u00f3n locales.<\/p>\n","protected":false},"featured_media":5789,"template":"","meta":[],"product_cat":[237],"product_tag":[],"class_list":["post-5781","product","type-product","status-publish","has-post-thumbnail","hentry","product_cat-casas-adosadas"],"acf":[],"_links":{"self":[{"href":"https:\/\/lascasasmodulares.es\/es\/wp-json\/wp\/v2\/product\/5781","targetHints":{"allow":["GET"]}}],"collection":[{"href":"https:\/\/lascasasmodulares.es\/es\/wp-json\/wp\/v2\/product"}],"about":[{"href":"https:\/\/lascasasmodulares.es\/es\/wp-json\/wp\/v2\/types\/product"}],"wp:featuredmedia":[{"embeddable":true,"href":"https:\/\/lascasasmodulares.es\/es\/wp-json\/wp\/v2\/media\/5789"}],"wp:attachment":[{"href":"https:\/\/lascasasmodulares.es\/es\/wp-json\/wp\/v2\/media?parent=5781"}],"wp:term":[{"taxonomy":"product_cat","embeddable":true,"href":"https:\/\/lascasasmodulares.es\/es\/wp-json\/wp\/v2\/product_cat?post=5781"},{"taxonomy":"product_tag","embeddable":true,"href":"https:\/\/lascasasmodulares.es\/es\/wp-json\/wp\/v2\/product_tag?post=5781"}],"curies":[{"name":"wp","href":"https:\/\/api.w.org\/{rel}","templated":true}]}}