{"id":4524,"date":"2022-05-08T12:24:46","date_gmt":"2022-05-08T12:24:46","guid":{"rendered":"https:\/\/lascasasmodulares.es\/project\/moderna\/"},"modified":"2023-02-19T19:59:49","modified_gmt":"2023-02-19T19:59:49","slug":"moderna","status":"publish","type":"product","link":"https:\/\/lascasasmodulares.es\/es\/project\/moderna\/","title":{"rendered":"Moderna"},"content":{"rendered":"","protected":false},"excerpt":{"rendered":"<p>Una casa prefabricada es una soluci\u00f3n moderna para construir usted mismo una casa<br \/>\nenerg\u00e9ticamente eficiente de forma r\u00e1pida y con alta calidad. Es uno de los tipos m\u00e1s comunes<br \/>\nde edificios \/ casas residenciales y ha demostrado su eficacia a lo largo de los a\u00f1os con su<br \/>\ndurabilidad y sostenibilidad. La estructura de madera proporciona un excelente aislamiento<br \/>\nt\u00e9rmico y la densidad protege la casa de la humedad, el moho y el riesgo de condensaci\u00f3n. Las<br \/>\ncasas con armaz\u00f3n de madera se pueden dise\u00f1ar de acuerdo con los deseos y necesidades<br \/>\ndel cliente, teniendo en cuenta tambi\u00e9n la normativa, tradiciones y requisitos de planificaci\u00f3n<br \/>\nlocales.<\/p>\n","protected":false},"featured_media":4476,"template":"","meta":[],"product_cat":[224],"product_tag":[],"class_list":["post-4524","product","type-product","status-publish","has-post-thumbnail","hentry","product_cat-2-planta-casos"],"acf":[],"_links":{"self":[{"href":"https:\/\/lascasasmodulares.es\/es\/wp-json\/wp\/v2\/product\/4524","targetHints":{"allow":["GET"]}}],"collection":[{"href":"https:\/\/lascasasmodulares.es\/es\/wp-json\/wp\/v2\/product"}],"about":[{"href":"https:\/\/lascasasmodulares.es\/es\/wp-json\/wp\/v2\/types\/product"}],"wp:featuredmedia":[{"embeddable":true,"href":"https:\/\/lascasasmodulares.es\/es\/wp-json\/wp\/v2\/media\/4476"}],"wp:attachment":[{"href":"https:\/\/lascasasmodulares.es\/es\/wp-json\/wp\/v2\/media?parent=4524"}],"wp:term":[{"taxonomy":"product_cat","embeddable":true,"href":"https:\/\/lascasasmodulares.es\/es\/wp-json\/wp\/v2\/product_cat?post=4524"},{"taxonomy":"product_tag","embeddable":true,"href":"https:\/\/lascasasmodulares.es\/es\/wp-json\/wp\/v2\/product_tag?post=4524"}],"curies":[{"name":"wp","href":"https:\/\/api.w.org\/{rel}","templated":true}]}}