{"id":4295,"date":"2022-05-07T14:01:41","date_gmt":"2022-05-07T14:01:41","guid":{"rendered":"https:\/\/lascasasmodulares.es\/?post_type=product&#038;p=4295"},"modified":"2023-02-19T20:02:11","modified_gmt":"2023-02-19T20:02:11","slug":"liz","status":"publish","type":"product","link":"https:\/\/lascasasmodulares.es\/es\/project\/liz\/","title":{"rendered":"Liz"},"content":{"rendered":"","protected":false},"excerpt":{"rendered":"<p>Una casa prefabricada es una soluci\u00f3n moderna para construir usted mismo una casa<br \/>\nenerg\u00e9ticamente eficiente de forma r\u00e1pida y con alta calidad. Es uno de los tipos m\u00e1s comunes<br \/>\nde edificios \/ casas residenciales y ha demostrado su eficacia a lo largo de los a\u00f1os con su<br \/>\ndurabilidad y sostenibilidad. La estructura de madera proporciona un excelente aislamiento<br \/>\nt\u00e9rmico y la densidad protege la casa de la humedad, el moho y el riesgo de condensaci\u00f3n. Las<br \/>\ncasas con armaz\u00f3n de madera se pueden dise\u00f1ar de acuerdo con los deseos y necesidades<br \/>\ndel cliente, teniendo en cuenta tambi\u00e9n la normativa, tradiciones y requisitos de planificaci\u00f3n<br \/>\nlocales.<\/p>\n","protected":false},"featured_media":4299,"template":"","meta":[],"product_cat":[223],"product_tag":[],"class_list":["post-4295","product","type-product","status-publish","has-post-thumbnail","hentry","product_cat-1-planta-casos"],"acf":[],"_links":{"self":[{"href":"https:\/\/lascasasmodulares.es\/es\/wp-json\/wp\/v2\/product\/4295","targetHints":{"allow":["GET"]}}],"collection":[{"href":"https:\/\/lascasasmodulares.es\/es\/wp-json\/wp\/v2\/product"}],"about":[{"href":"https:\/\/lascasasmodulares.es\/es\/wp-json\/wp\/v2\/types\/product"}],"wp:featuredmedia":[{"embeddable":true,"href":"https:\/\/lascasasmodulares.es\/es\/wp-json\/wp\/v2\/media\/4299"}],"wp:attachment":[{"href":"https:\/\/lascasasmodulares.es\/es\/wp-json\/wp\/v2\/media?parent=4295"}],"wp:term":[{"taxonomy":"product_cat","embeddable":true,"href":"https:\/\/lascasasmodulares.es\/es\/wp-json\/wp\/v2\/product_cat?post=4295"},{"taxonomy":"product_tag","embeddable":true,"href":"https:\/\/lascasasmodulares.es\/es\/wp-json\/wp\/v2\/product_tag?post=4295"}],"curies":[{"name":"wp","href":"https:\/\/api.w.org\/{rel}","templated":true}]}}