{"id":3977,"date":"2021-08-18T09:16:00","date_gmt":"2021-04-16T09:26:17","guid":{"rendered":"https:\/\/lascasasmodulares.es\/project\/paula\/"},"modified":"2023-02-19T20:26:51","modified_gmt":"2023-02-19T20:26:51","slug":"paula","status":"publish","type":"product","link":"https:\/\/lascasasmodulares.es\/es\/project\/paula\/","title":{"rendered":"Paula"},"content":{"rendered":"","protected":false},"excerpt":{"rendered":"<p>Una casa prefabricada es una soluci\u00f3n moderna para construir usted mismo una casa energ\u00e9ticamente eficiente de forma r\u00e1pida y con alta calidad. Es uno de los tipos m\u00e1s comunes de edificios \/ casas residenciales y ha demostrado su eficacia a lo largo de los a\u00f1os con su durabilidad y sostenibilidad. La estructura de madera proporciona un excelente aislamiento t\u00e9rmico y la densidad protege la casa de la humedad, el moho y el riesgo de condensaci\u00f3n. Las casas con armaz\u00f3n de madera se pueden dise\u00f1ar de acuerdo con los deseos y necesidades del cliente, teniendo en cuenta tambi\u00e9n la normativa, tradiciones y requisitos de planificaci\u00f3n locales.<\/p>\n","protected":false},"featured_media":3826,"template":"","meta":[],"product_cat":[223],"product_tag":[],"class_list":["post-3977","product","type-product","status-publish","has-post-thumbnail","hentry","product_cat-1-planta-casos"],"acf":[],"_links":{"self":[{"href":"https:\/\/lascasasmodulares.es\/es\/wp-json\/wp\/v2\/product\/3977","targetHints":{"allow":["GET"]}}],"collection":[{"href":"https:\/\/lascasasmodulares.es\/es\/wp-json\/wp\/v2\/product"}],"about":[{"href":"https:\/\/lascasasmodulares.es\/es\/wp-json\/wp\/v2\/types\/product"}],"wp:featuredmedia":[{"embeddable":true,"href":"https:\/\/lascasasmodulares.es\/es\/wp-json\/wp\/v2\/media\/3826"}],"wp:attachment":[{"href":"https:\/\/lascasasmodulares.es\/es\/wp-json\/wp\/v2\/media?parent=3977"}],"wp:term":[{"taxonomy":"product_cat","embeddable":true,"href":"https:\/\/lascasasmodulares.es\/es\/wp-json\/wp\/v2\/product_cat?post=3977"},{"taxonomy":"product_tag","embeddable":true,"href":"https:\/\/lascasasmodulares.es\/es\/wp-json\/wp\/v2\/product_tag?post=3977"}],"curies":[{"name":"wp","href":"https:\/\/api.w.org\/{rel}","templated":true}]}}